{"id":21,"date":"2024-05-30T10:38:38","date_gmt":"2024-05-30T10:38:38","guid":{"rendered":"https:\/\/grubshackburger.com\/?page_id=21"},"modified":"2024-06-26T08:53:31","modified_gmt":"2024-06-26T08:53:31","slug":"home","status":"publish","type":"page","link":"https:\/\/grubshackburger.com\/","title":{"rendered":"Home"},"content":{"rendered":"\t\t<div data-elementor-type=\"wp-page\" data-elementor-id=\"21\" class=\"elementor elementor-21\" data-elementor-post-type=\"page\">\n\t\t\t\t<div class=\"elementor-element elementor-element-5e7ef75 e-con-full e-flex e-con e-parent\" data-id=\"5e7ef75\" data-element_type=\"container\" id=\"#Header\">\n\t\t<div class=\"elementor-element elementor-element-7971f54 e-con-full e-flex e-con e-child\" data-id=\"7971f54\" data-element_type=\"container\" data-settings=\"{&quot;background_background&quot;:&quot;classic&quot;}\">\n\t\t\t\t<div class=\"elementor-element elementor-element-6b1e9d4 elementor-widget__width-initial elementor-invisible elementor-widget elementor-widget-heading\" data-id=\"6b1e9d4\" data-element_type=\"widget\" data-settings=\"{&quot;_animation&quot;:&quot;fadeIn&quot;}\" data-widget_type=\"heading.default\">\n\t\t\t\t<div class=\"elementor-widget-container\">\n\t\t\t<style>\/*! elementor - v3.21.0 - 26-05-2024 *\/\n.elementor-heading-title{padding:0;margin:0;line-height:1}.elementor-widget-heading .elementor-heading-title[class*=elementor-size-]>a{color:inherit;font-size:inherit;line-height:inherit}.elementor-widget-heading .elementor-heading-title.elementor-size-small{font-size:15px}.elementor-widget-heading .elementor-heading-title.elementor-size-medium{font-size:19px}.elementor-widget-heading .elementor-heading-title.elementor-size-large{font-size:29px}.elementor-widget-heading .elementor-heading-title.elementor-size-xl{font-size:39px}.elementor-widget-heading .elementor-heading-title.elementor-size-xxl{font-size:59px}<\/style><h1 class=\"elementor-heading-title elementor-size-default\">Den nya generationens amerikanska hamburgare<\/h1>\t\t<\/div>\n\t\t\t\t<\/div>\n\t\t\t\t<div class=\"elementor-element elementor-element-c995c72 elementor-widget__width-initial elementor-widget-tablet__width-initial elementor-widget-mobile__width-inherit elementor-widget elementor-widget-button\" data-id=\"c995c72\" data-element_type=\"widget\" id=\"mainHeaderButton\" data-widget_type=\"button.default\">\n\t\t\t\t<div class=\"elementor-widget-container\">\n\t\t\t\t\t<div class=\"elementor-button-wrapper\">\n\t\t\t<a class=\"elementor-button elementor-button-link elementor-size-sm\" href=\"https:\/\/grubshackburger.com\/?page_id=204\">\n\t\t\t\t\t\t<span class=\"elementor-button-content-wrapper\">\n\t\t\t\t\t\t\t\t\t<span class=\"elementor-button-text\">Best\u00e4ll<\/span>\n\t\t\t\t\t<\/span>\n\t\t\t\t\t<\/a>\n\t\t<\/div>\n\t\t\t\t<\/div>\n\t\t\t\t<\/div>\n\t\t\t\t<\/div>\n\t\t\t\t<\/div>\n\t\t<div class=\"elementor-element elementor-element-df95f0d e-grid e-con-full e-con e-parent\" data-id=\"df95f0d\" data-element_type=\"container\" id=\"historia\">\n\t\t<div class=\"elementor-element elementor-element-4e3de41 e-con-full e-flex e-con e-child\" data-id=\"4e3de41\" data-element_type=\"container\">\n\t\t\t\t<div class=\"elementor-element elementor-element-11193f1 elementor-widget elementor-widget-heading\" data-id=\"11193f1\" data-element_type=\"widget\" data-widget_type=\"heading.default\">\n\t\t\t\t<div class=\"elementor-widget-container\">\n\t\t\t<h1 class=\"elementor-heading-title elementor-size-default\">Grubshack \u00e4r h\u00e4r<\/h1>\t\t<\/div>\n\t\t\t\t<\/div>\n\t\t\t\t<div class=\"elementor-element elementor-element-cb2570e elementor-invisible elementor-widget elementor-widget-text-editor\" data-id=\"cb2570e\" data-element_type=\"widget\" data-settings=\"{&quot;_animation&quot;:&quot;fadeIn&quot;}\" data-widget_type=\"text-editor.default\">\n\t\t\t\t<div class=\"elementor-widget-container\">\n\t\t\t<style>\/*! elementor - v3.21.0 - 26-05-2024 *\/\n.elementor-widget-text-editor.elementor-drop-cap-view-stacked .elementor-drop-cap{background-color:#69727d;color:#fff}.elementor-widget-text-editor.elementor-drop-cap-view-framed .elementor-drop-cap{color:#69727d;border:3px solid;background-color:transparent}.elementor-widget-text-editor:not(.elementor-drop-cap-view-default) .elementor-drop-cap{margin-top:8px}.elementor-widget-text-editor:not(.elementor-drop-cap-view-default) .elementor-drop-cap-letter{width:1em;height:1em}.elementor-widget-text-editor .elementor-drop-cap{float:left;text-align:center;line-height:1;font-size:50px}.elementor-widget-text-editor .elementor-drop-cap-letter{display:inline-block}<\/style>\t\t\t\t<p><br \/>Med k\u00e4rlek f\u00f6r lokala r\u00e5varor och en service i v\u00e4rldsklass bjuder vi p\u00e5 Grub Shack Burger p\u00e5 en upplevelse ut\u00f6ver det vanliga. Sedan v\u00e5r start i Kristianstad 2018 har v\u00e5r filosofi varit att ta hamburgare till nya h\u00f6jder och fokusera p\u00e5 varje liten detalj. F\u00f6r oss handlar hamburgare om smak, k\u00e4nsla och perfektion.<\/p><p>Hos Grub Shack Burger vill vi alltid att du ska k\u00e4nna dig varmt v\u00e4lkommen. N\u00e4r du l\u00e4mnar n\u00e5gon av v\u00e5ra restauranger hoppas vi att du redan l\u00e4ngtar tillbaka. V\u00e5ra hamburgare och andra r\u00e4tter talar sitt eget spr\u00e5k, och v\u00e5r service str\u00e4var alltid efter att vara av h\u00f6gsta klass. Vi v\u00e4rnar om v\u00e5ra lokala r\u00f6tter och samarbetar n\u00e4ra med lokala producenter.<\/p><p>Vi \u00e4r Grub Shack Burger. Tillsammans skapar vi framtidens snabbmat.<\/p><p>Hj\u00e4rtligt v\u00e4lkommen till n\u00e5gon av v\u00e5ra restauranger<\/p>\t\t\t\t\t\t<\/div>\n\t\t\t\t<\/div>\n\t\t\t\t<\/div>\n\t\t<div class=\"elementor-element elementor-element-446ddb5 e-con-full animated-fast e-flex elementor-invisible e-con e-child\" data-id=\"446ddb5\" data-element_type=\"container\" data-settings=\"{&quot;background_background&quot;:&quot;classic&quot;,&quot;animation&quot;:&quot;slideInRight&quot;}\">\n\t\t\t\t<\/div>\n\t\t<div class=\"elementor-element elementor-element-776d8b1 e-flex e-con-boxed elementor-invisible e-con e-child\" data-id=\"776d8b1\" data-element_type=\"container\" data-settings=\"{&quot;background_background&quot;:&quot;classic&quot;,&quot;animation&quot;:&quot;slideInLeft&quot;}\">\n\t\t\t\t\t<div class=\"e-con-inner\">\n\t\t\t\t\t<\/div>\n\t\t\t\t<\/div>\n\t\t<div class=\"elementor-element elementor-element-2e753b2 e-con-full e-flex e-con e-child\" data-id=\"2e753b2\" data-element_type=\"container\">\n\t\t\t\t<div class=\"elementor-element elementor-element-15f1de5 elementor-widget elementor-widget-heading\" data-id=\"15f1de5\" data-element_type=\"widget\" data-widget_type=\"heading.default\">\n\t\t\t\t<div class=\"elementor-widget-container\">\n\t\t\t<h1 class=\"elementor-heading-title elementor-size-default\">V\u00e5ra Burgare<\/h1>\t\t<\/div>\n\t\t\t\t<\/div>\n\t\t\t\t<div class=\"elementor-element elementor-element-2c57422 elementor-invisible elementor-widget elementor-widget-text-editor\" data-id=\"2c57422\" data-element_type=\"widget\" data-settings=\"{&quot;_animation&quot;:&quot;fadeIn&quot;}\" data-widget_type=\"text-editor.default\">\n\t\t\t\t<div class=\"elementor-widget-container\">\n\t\t\t\t\t\t\t<p>Den perfekta burgaren bygger p\u00e5 n\u00e5gra noggrant utvalda komponenter av allra h\u00f6gsta kvalitet. Vi har skapat en unik k\u00f6ttblandning som verkligen framh\u00e4ver en djup och karakt\u00e4rsfull k\u00f6ttsmak i v\u00e5ra burgare. Sj\u00e4lvklart anv\u00e4nder vi alltid 100% n\u00f6tk\u00f6tt.<\/p><p>V\u00e5ra hamburgare tillverkas med omsorgsfullt utvalt k\u00f6tt fr\u00e5n lokala producenter. Allt v\u00e5rt k\u00f6tt \u2013 n\u00f6t, bacon och kyckling \u2013 \u00e4r sj\u00e4lvklart 100% svenskt. De flesta av v\u00e5ra burgare kan ocks\u00e5 f\u00e5s i vegetariskt alternativ, antingen med b\u00f6nburgare eller med halloumi. Dessutom erbjuder vi veganska burgare och uts\u00f6kta sallader p\u00e5 menyn.<\/p><p>\u00c4ven om k\u00f6ttet ofta f\u00e5r mest uppm\u00e4rksamhet, \u00e4r de andra komponenterna minst lika viktiga. Vi l\u00e4gger lika mycket k\u00e4rlek och omsorg p\u00e5 v\u00e5rt f\u00e4rska br\u00f6d fr\u00e5n bageriet och v\u00e5ra specialkomponerade s\u00e5ser som vi g\u00f6r med v\u00e5rt k\u00f6tt. Vi tror att det inte finns n\u00e5gra genv\u00e4gar till en riktigt bra produkt. Produkten \u00e4r grunden till allt som Grub Shack Burger st\u00e5r f\u00f6r idag.<\/p>\t\t\t\t\t\t<\/div>\n\t\t\t\t<\/div>\n\t\t\t\t<\/div>\n\t\t<div class=\"elementor-element elementor-element-cdad3cb e-con-full e-flex e-con e-child\" data-id=\"cdad3cb\" data-element_type=\"container\">\n\t\t\t\t<div class=\"elementor-element elementor-element-2533d71 elementor-widget elementor-widget-heading\" data-id=\"2533d71\" data-element_type=\"widget\" data-widget_type=\"heading.default\">\n\t\t\t\t<div class=\"elementor-widget-container\">\n\t\t\t<h1 class=\"elementor-heading-title elementor-size-default\">V\u00e5rt Koncept<\/h1>\t\t<\/div>\n\t\t\t\t<\/div>\n\t\t\t\t<div class=\"elementor-element elementor-element-d1f2b87 elementor-invisible elementor-widget elementor-widget-text-editor\" data-id=\"d1f2b87\" data-element_type=\"widget\" data-settings=\"{&quot;_animation&quot;:&quot;fadeIn&quot;}\" data-widget_type=\"text-editor.default\">\n\t\t\t\t<div class=\"elementor-widget-container\">\n\t\t\t\t\t\t\t<p>Grubshack v\u00e4xer i rekordfart, vilket g\u00f6r att v\u00e5rt koncept st\u00e4ndigt utvecklas. V\u00e5ra enheter kan se olika ut, eftersom vi \u00e4r flexibla och innovativa i v\u00e5rt s\u00e4tt att etablera oss. Trots variationen i utf\u00f6randet, h\u00e5ller vi fast vid v\u00e5rt grundkoncept: att erbjuda l\u00e4ttillg\u00e4nglig, h\u00f6gkvalitativ och prisv\u00e4rd mat med fantastisk service. Vi vill t\u00e4nja p\u00e5 gr\u00e4nserna och h\u00f6ja ribban f\u00f6r hur bra snabbmat kan vara.<\/p>\t\t\t\t\t\t<\/div>\n\t\t\t\t<\/div>\n\t\t\t\t<\/div>\n\t\t<div class=\"elementor-element elementor-element-54a0820 e-flex e-con-boxed elementor-invisible e-con e-child\" data-id=\"54a0820\" data-element_type=\"container\" data-settings=\"{&quot;background_background&quot;:&quot;classic&quot;,&quot;animation&quot;:&quot;slideInRight&quot;}\">\n\t\t\t\t\t<div class=\"e-con-inner\">\n\t\t\t\t\t<\/div>\n\t\t\t\t<\/div>\n\t\t\t\t<\/div>\n\t\t<div class=\"elementor-element elementor-element-5fb4e80 e-con-full mainMapWrapper e-flex e-con e-parent\" data-id=\"5fb4e80\" data-element_type=\"container\" data-settings=\"{&quot;background_background&quot;:&quot;classic&quot;}\">\n\t\t\t\t<div class=\"elementor-element elementor-element-9803580 mainMapId elementor-widget elementor-widget-shortcode\" data-id=\"9803580\" data-element_type=\"widget\" data-widget_type=\"shortcode.default\">\n\t\t\t\t<div class=\"elementor-widget-container\">\n\t\t\t\t\t<div class=\"elementor-shortcode\">\t\t\t\t<div id=\"wp_mapit_actgH9RYPO\" class=\"wp_mapit_multipin_map\" data-lat=\"56.595790529520585\" data-lng=\"14.419555664062502\" data-zoom=\"7\" data-type=\"grayscale\" data-marker=\"https:\/\/grubshackburger.com\/wp-content\/plugins\/wp-mapit\/wp_mapit\/images\/map-pin.png\" data-width=\"100\" data-width-type=\"per\" data-height=\"300\" data-height-type=\"px\" data-pins=\"[{&quot;lat&quot;:&quot;56.02624798334692&quot;,&quot;lng&quot;:&quot;14.20630752883615&quot;,&quot;marker_image&quot;:&quot;https:\\\/\\\/grubshackburger.com\\\/wp-content\\\/uploads\\\/2024\\\/06\\\/pin_drop_20dp_FILL0_wght400_GRAD0_opsz20.png&quot;,&quot;marker_title&quot;:&quot;Grub Shack Burgers&quot;,&quot;marker_content&quot;:&quot;Opens 10AM&quot;,&quot;marker_url&quot;:&quot;&quot;},{&quot;lat&quot;:&quot;56.85066633549283&quot;,&quot;lng&quot;:&quot;14.827086615344639&quot;,&quot;marker_image&quot;:&quot;https:\\\/\\\/grubshackburger.com\\\/wp-content\\\/uploads\\\/2024\\\/06\\\/pin_drop_20dp_FILL0_wght400_GRAD0_opsz20.png&quot;,&quot;marker_title&quot;:&quot;Grub Shack Burgers&quot;,&quot;marker_content&quot;:&quot;Stallv\\u00e4gen 10&quot;,&quot;marker_url&quot;:&quot;&quot;}]\"><\/div>\n\t\t\t<\/div>\n\t\t\t\t<\/div>\n\t\t\t\t<\/div>\n\t\t\t\t<\/div>\n\t\t\t\t<\/div>\n\t\t","protected":false},"excerpt":{"rendered":"<p>Den nya generationens amerikanska hamburgare Best\u00e4ll Grubshack \u00e4r h\u00e4r Med k\u00e4rlek f\u00f6r lokala r\u00e5varor och en service i v\u00e4rldsklass bjuder vi p\u00e5 Grub Shack Burger p\u00e5 en upplevelse ut\u00f6ver det vanliga. Sedan v\u00e5r start i Kristianstad 2018 har v\u00e5r filosofi varit att ta hamburgare till nya h\u00f6jder och fokusera p\u00e5 varje liten detalj. F\u00f6r oss [&hellip;]<\/p>\n","protected":false},"author":1,"featured_media":0,"parent":0,"menu_order":0,"comment_status":"closed","ping_status":"closed","template":"elementor_header_footer","meta":{"footnotes":""},"class_list":["post-21","page","type-page","status-publish","hentry"],"_links":{"self":[{"href":"https:\/\/grubshackburger.com\/index.php?rest_route=\/wp\/v2\/pages\/21","targetHints":{"allow":["GET"]}}],"collection":[{"href":"https:\/\/grubshackburger.com\/index.php?rest_route=\/wp\/v2\/pages"}],"about":[{"href":"https:\/\/grubshackburger.com\/index.php?rest_route=\/wp\/v2\/types\/page"}],"author":[{"embeddable":true,"href":"https:\/\/grubshackburger.com\/index.php?rest_route=\/wp\/v2\/users\/1"}],"replies":[{"embeddable":true,"href":"https:\/\/grubshackburger.com\/index.php?rest_route=%2Fwp%2Fv2%2Fcomments&post=21"}],"version-history":[{"count":122,"href":"https:\/\/grubshackburger.com\/index.php?rest_route=\/wp\/v2\/pages\/21\/revisions"}],"predecessor-version":[{"id":743,"href":"https:\/\/grubshackburger.com\/index.php?rest_route=\/wp\/v2\/pages\/21\/revisions\/743"}],"wp:attachment":[{"href":"https:\/\/grubshackburger.com\/index.php?rest_route=%2Fwp%2Fv2%2Fmedia&parent=21"}],"curies":[{"name":"wp","href":"https:\/\/api.w.org\/{rel}","templated":true}]}}